{"id":37,"date":"2021-03-14T15:41:35","date_gmt":"2021-03-14T15:41:35","guid":{"rendered":"https:\/\/www.ecolovieprojet.fr\/conseils\/?page_id=37"},"modified":"2021-03-21T22:53:40","modified_gmt":"2021-03-21T21:53:40","slug":"comment-planter-une-haie-vive","status":"publish","type":"page","link":"https:\/\/www.ecolovieprojet.fr\/conseils\/comment-planter-une-haie-vive\/","title":{"rendered":"Comment planter une haie vive ?"},"content":{"rendered":"<section  class='av_textblock_section av-km9c8tkg-b55597bce7a9c5304573fcff9b2b9a7b'  itemscope=\"itemscope\" itemtype=\"https:\/\/schema.org\/CreativeWork\" ><div class='avia_textblock'  itemprop=\"text\" ><h1>Comment planter une haie vive ?<\/h1>\n<p><img loading=\"lazy\" decoding=\"async\" class=\"alignnone wp-image-187 size-medium\" src=\"https:\/\/www.ecolovieprojet.fr\/conseils\/wp-content\/uploads\/2021\/03\/CREATION-MASSIF-AVANT-A-OZOIR-LA-FERRIERE-77-300x169.jpg\" alt=\"haie vive\" width=\"300\" height=\"169\" srcset=\"https:\/\/www.ecolovieprojet.fr\/conseils\/wp-content\/uploads\/2021\/03\/CREATION-MASSIF-AVANT-A-OZOIR-LA-FERRIERE-77-300x169.jpg 300w, https:\/\/www.ecolovieprojet.fr\/conseils\/wp-content\/uploads\/2021\/03\/CREATION-MASSIF-AVANT-A-OZOIR-LA-FERRIERE-77-1030x579.jpg 1030w, https:\/\/www.ecolovieprojet.fr\/conseils\/wp-content\/uploads\/2021\/03\/CREATION-MASSIF-AVANT-A-OZOIR-LA-FERRIERE-77-768x432.jpg 768w, https:\/\/www.ecolovieprojet.fr\/conseils\/wp-content\/uploads\/2021\/03\/CREATION-MASSIF-AVANT-A-OZOIR-LA-FERRIERE-77-1536x864.jpg 1536w, https:\/\/www.ecolovieprojet.fr\/conseils\/wp-content\/uploads\/2021\/03\/CREATION-MASSIF-AVANT-A-OZOIR-LA-FERRIERE-77-2048x1152.jpg 2048w, https:\/\/www.ecolovieprojet.fr\/conseils\/wp-content\/uploads\/2021\/03\/CREATION-MASSIF-AVANT-A-OZOIR-LA-FERRIERE-77-1500x844.jpg 1500w, https:\/\/www.ecolovieprojet.fr\/conseils\/wp-content\/uploads\/2021\/03\/CREATION-MASSIF-AVANT-A-OZOIR-LA-FERRIERE-77-705x397.jpg 705w\" sizes=\"auto, (max-width: 300px) 100vw, 300px\" \/><\/p>\n<p>\u00c0 la fois d\u00e9corative et utilitaire, une haie vive est compos\u00e9e de v\u00e9g\u00e9taux qui permettent de cr\u00e9er et de d\u00e9limiter une espace. Toute une vari\u00e9t\u00e9 de plantes peut \u00eatre cultiv\u00e9e pour mettre en place cette barri\u00e8re qui prot\u00e8ge des regards indiscrets. Elle se d\u00e9marque par sa r\u00e9sistance et son \u00e9volution au fil des saisons. La question qui se pose est comment planter une haie vive.<\/p>\n<h2>Le choix des plantes pour une haie vive<\/h2>\n<p>Le choix des plantes \u00e0 cultiver pour former une haie vive d\u00e9pend du rendu attendu. Dans l\u2019id\u00e9al, un m\u00e9lange subtil de vari\u00e9t\u00e9s donne l\u2019occasion de cr\u00e9er un v\u00e9ritable chef-d\u2019\u0153uvre lorsque le mix est bien r\u00e9ussi. Des fructif\u00e8res portant des baies en automne, des florif\u00e8res, des mellif\u00e8res, des caduques, des persistantes et des conif\u00e8res peuvent \u00eatre associ\u00e9s, mais dont la proportion est \u00e0 \u00e9tudier judicieusement. L\u2019\u00e9vitement des catastrophes est possible pour ceux qui ont peur de rater leur haie vive puisque certains professionnels sugg\u00e8rent des packs pr\u00eats \u00e0 \u00eatre plant\u00e9s. Louer le service des experts en jardinage, comme Ecolovie Projet, est aussi une excellente alternative.<\/p>\n<h2>Les \u00e9tapes \u00e0 suivre pour planter une haie vive<\/h2>\n<p>La meilleure saison pour <a href=\"https:\/\/www.ecolovieprojet.fr\/arrachage-de-haies\/\">planter une haie<\/a> vive est l\u2019automne pour que chaque pied puisse prendre racine avant la p\u00e9riode d\u2019hiver. Une fois les vari\u00e9t\u00e9s de plantes s\u00e9lectionn\u00e9es, la personne peut commencer.<\/p>\n<ol>\n<li>La premi\u00e8re \u00e9tape consiste \u00e0 pr\u00e9parer le sol qui va recevoir la haie. Une seule ligne suffit pour les petites espaces, sinon planter sur deux ou trois niveaux donne un excellent rendu. Des trous d\u2019environ 50 cm de large et de profondeur, distants de 80 cm \u00e0 120 cm, sont \u00e0 creuser. En cas de motte volumineuse, ces petites excavations peuvent \u00eatre agrandies. La terre extraite doit \u00eatre trait\u00e9e pour optimiser la reprise de la plante. Elle est \u00e0 m\u00e9langer avec de l\u2019engrais organique avant d\u2019\u00eatre d\u00e9pos\u00e9e au fond des trous.<\/li>\n<li>Le d\u00e9compactage de la motte, sans pour autant casser le bloc de terre, peut \u00eatre n\u00e9cessaire, mais n\u2019est pas obligatoire. Cette action est \u00e0 r\u00e9aliser avec d\u00e9licatesse. Des petites incisions avec une fourchette ou au couteau peuvent faire l\u2019affaire.<\/li>\n<li>Les mottes sont \u00e0 tremper dans de l\u2019eau jusqu\u2019\u00e0 ce que la terre ne lib\u00e8re plus aucune bulle.<\/li>\n<li>Les arbustes sont \u00e0 placer un \u00e0 un dans les trous, puis recouvrir de terre. La disposition des plantes peut \u00eatre altern\u00e9e selon le rendu souhait\u00e9, en quinconce ou autres. La terre doit \u00eatre tass\u00e9e, avec les pieds par exemple, en veillant \u00e0 ce que le milieu, du c\u00f4t\u00e9 du tronc, soit plus profond pour faciliter l\u2019arrosage.<\/li>\n<li>Des rigoles peuvent \u00eatre cr\u00e9\u00e9es suivant la ligne de plantation afin de favoriser l\u2019\u00e9coulement de l\u2019eau vers les racines.<\/li>\n<li>La plantation se termine par l\u2019arrosage qui doit \u00eatre fait tous les trois jours pendant sa premi\u00e8re ann\u00e9e.<\/li>\n<\/ol>\n<\/div><\/section>\n","protected":false},"excerpt":{"rendered":"","protected":false},"author":1,"featured_media":0,"parent":0,"menu_order":0,"comment_status":"closed","ping_status":"closed","template":"","meta":{"footnotes":""},"class_list":["post-37","page","type-page","status-publish","hentry"],"_links":{"self":[{"href":"https:\/\/www.ecolovieprojet.fr\/conseils\/wp-json\/wp\/v2\/pages\/37","targetHints":{"allow":["GET"]}}],"collection":[{"href":"https:\/\/www.ecolovieprojet.fr\/conseils\/wp-json\/wp\/v2\/pages"}],"about":[{"href":"https:\/\/www.ecolovieprojet.fr\/conseils\/wp-json\/wp\/v2\/types\/page"}],"author":[{"embeddable":true,"href":"https:\/\/www.ecolovieprojet.fr\/conseils\/wp-json\/wp\/v2\/users\/1"}],"replies":[{"embeddable":true,"href":"https:\/\/www.ecolovieprojet.fr\/conseils\/wp-json\/wp\/v2\/comments?post=37"}],"version-history":[{"count":5,"href":"https:\/\/www.ecolovieprojet.fr\/conseils\/wp-json\/wp\/v2\/pages\/37\/revisions"}],"predecessor-version":[{"id":274,"href":"https:\/\/www.ecolovieprojet.fr\/conseils\/wp-json\/wp\/v2\/pages\/37\/revisions\/274"}],"wp:attachment":[{"href":"https:\/\/www.ecolovieprojet.fr\/conseils\/wp-json\/wp\/v2\/media?parent=37"}],"curies":[{"name":"wp","href":"https:\/\/api.w.org\/{rel}","templated":true}]}}