{"id":33,"date":"2021-03-14T15:41:35","date_gmt":"2021-03-14T15:41:35","guid":{"rendered":"https:\/\/www.ecolovieprojet.fr\/conseils\/?page_id=33"},"modified":"2021-03-21T23:02:46","modified_gmt":"2021-03-21T22:02:46","slug":"jardin-therapeutique-et-hortitherapie-quest-ce-que-cest","status":"publish","type":"page","link":"https:\/\/www.ecolovieprojet.fr\/conseils\/jardin-therapeutique-et-hortitherapie-quest-ce-que-cest\/","title":{"rendered":"Jardin th\u00e9rapeutique et hortith\u00e9rapie : qu&rsquo;est-ce que c&rsquo;est ?"},"content":{"rendered":"<section  class='av_textblock_section av-km9caybp-720db33546b32e5e095963015fbf9aee'  itemscope=\"itemscope\" itemtype=\"https:\/\/schema.org\/CreativeWork\" ><div class='avia_textblock'  itemprop=\"text\" ><h1>Jardin th\u00e9rapeutique et hortith\u00e9rapie : qu&rsquo;est-ce que c&rsquo;est ?<\/h1>\n<p><img loading=\"lazy\" decoding=\"async\" class=\"alignnone size-medium wp-image-201\" src=\"https:\/\/www.ecolovieprojet.fr\/conseils\/wp-content\/uploads\/2021\/03\/2C2A9273-copie-300x200.jpg\" alt=\"jardin th\u00e9rapeutique\" width=\"300\" height=\"200\" srcset=\"https:\/\/www.ecolovieprojet.fr\/conseils\/wp-content\/uploads\/2021\/03\/2C2A9273-copie-300x200.jpg 300w, https:\/\/www.ecolovieprojet.fr\/conseils\/wp-content\/uploads\/2021\/03\/2C2A9273-copie-1030x687.jpg 1030w, https:\/\/www.ecolovieprojet.fr\/conseils\/wp-content\/uploads\/2021\/03\/2C2A9273-copie-768x512.jpg 768w, https:\/\/www.ecolovieprojet.fr\/conseils\/wp-content\/uploads\/2021\/03\/2C2A9273-copie-1536x1024.jpg 1536w, https:\/\/www.ecolovieprojet.fr\/conseils\/wp-content\/uploads\/2021\/03\/2C2A9273-copie-2048x1365.jpg 2048w, https:\/\/www.ecolovieprojet.fr\/conseils\/wp-content\/uploads\/2021\/03\/2C2A9273-copie-1500x1000.jpg 1500w, https:\/\/www.ecolovieprojet.fr\/conseils\/wp-content\/uploads\/2021\/03\/2C2A9273-copie-705x470.jpg 705w\" sizes=\"auto, (max-width: 300px) 100vw, 300px\" \/><\/p>\n<p>Plus puissant qu\u2019un m\u00e9dicament, un <a href=\"https:\/\/www.ecolovieprojet.fr\/jardin-therapeutique-et-creativite\/\">jardin th\u00e9rapeutique<\/a> peut aussi bien stimuler le corps que l\u2019esprit. Tout le monde a besoin d\u2019un endroit o\u00f9 il se sent en paix. Il vous suffira donc d\u2019ouvrir la porte et de profiter de votre merveilleux espace vert bien entretenu et bien structur\u00e9. Un jardin th\u00e9rapeutique peut cependant combattre diff\u00e9rents troubles psychiques ou physiques.<\/p>\n<h2>Un beau paysage qui soigne<\/h2>\n<p>Par d\u00e9finition, un jardin th\u00e9rapeutique est un espace ext\u00e9rieur \u00e0 vis\u00e9e m\u00e9dicinale. L\u2019endroit est destin\u00e9 \u00e0 traiter diff\u00e9rentes maladies psycho-sociales ou encore physiques.<\/p>\n<p>Bien qu\u2019il soit g\u00e9n\u00e9ralement plac\u00e9 dans des centres de soins comme les h\u00f4pitaux, les maisons de retraite, un jardin de vie peut aussi \u00eatre install\u00e9 dans des espaces priv\u00e9s pour un soin extr\u00eame.<\/p>\n<p>Il ne s\u2019agit pas d\u2019un simple espace vert, tout au contraire, sa structure et son accessibilit\u00e9 doivent permettre au patient d\u2019effectuer sa cure. De ce fait, pour qu\u2019un jardin de soin voie plus son efficacit\u00e9, il doit \u00eatre soigneusement cr\u00e9\u00e9 par des professionnels. Laissez donc la cr\u00e9ation de votre espace th\u00e9rapeutique entre les mains d\u2019un paysagiste professionnel pour plus d\u2019assurance sur son efficacit\u00e9 et son organisation.<\/p>\n<h2>Qu\u2019est ce que l\u2019hortith\u00e9rapie ?<\/h2>\n<p>Par d\u00e9finition, la th\u00e9rapie horticole consiste \u00e0 faire des activit\u00e9s de jardinage pour r\u00e9ussir un traitement d\u00e9termin\u00e9. Le traitement se fait donc en pr\u00e9sence d\u2019un professionnel dans le cas g\u00e9n\u00e9ral. La technique th\u00e9rapeutique est d\u2019origine canadienne et am\u00e9ricaine. Elle est de nos jours r\u00e9pandue \u00e0 travers le monde. Comme tout traitement m\u00e9dical, la m\u00e9thode doit g\u00e9n\u00e9ralement se faire sous assistance d\u2019un sp\u00e9cialiste. Elle peut aussi \u00eatre utilis\u00e9e en association avec d\u2019autres traitements.<\/p>\n<p>Il est donc \u00e9vident de dire qu\u2019un jardin th\u00e9rapeutique est le support du traitement par hortith\u00e9rapie. Toutefois, le terme associe deux branches presque \u00e9loign\u00e9es, dont la m\u00e9decine et le paysage.<\/p>\n<h2>Un jardin de soin pour quelles maladies ?<\/h2>\n<p>Accompagn\u00e9 d\u2019un hortith\u00e9rapeute professionnel, la m\u00e9thode est aussi efficace pour traiter diff\u00e9rents troubles. La maladie d\u2019Alzheimer est la principale maladie qui est trait\u00e9e par l\u2019hortith\u00e9rapie. Ainsi, le jardinage aura un effet sur la sant\u00e9 en brisant la routine quotidienne. Pour cela, le jardin pourra \u00eatre compos\u00e9 de diff\u00e9rentes cultures comme les plantes aromatiques, les fruits et les l\u00e9gumes. Chacune de ces cat\u00e9gories a son r\u00f4le dans le traitement en stimulant les cinq sens du patient. D\u2019o\u00f9 la n\u00e9cessit\u00e9 de faire appel \u00e0 un paysagiste.<\/p>\n<p>La m\u00e9thode est aussi efficace dans le traitement des psychoses et des troubles comportementaux. Diff\u00e9rentes \u00e9tudes effectu\u00e9es ont prouv\u00e9es qu\u2019elle donne aux patients une sensation de libert\u00e9 et leur donnent envie de communiquer.<\/p>\n<\/div><\/section>\n","protected":false},"excerpt":{"rendered":"","protected":false},"author":1,"featured_media":0,"parent":0,"menu_order":0,"comment_status":"closed","ping_status":"closed","template":"","meta":{"footnotes":""},"class_list":["post-33","page","type-page","status-publish","hentry"],"_links":{"self":[{"href":"https:\/\/www.ecolovieprojet.fr\/conseils\/wp-json\/wp\/v2\/pages\/33","targetHints":{"allow":["GET"]}}],"collection":[{"href":"https:\/\/www.ecolovieprojet.fr\/conseils\/wp-json\/wp\/v2\/pages"}],"about":[{"href":"https:\/\/www.ecolovieprojet.fr\/conseils\/wp-json\/wp\/v2\/types\/page"}],"author":[{"embeddable":true,"href":"https:\/\/www.ecolovieprojet.fr\/conseils\/wp-json\/wp\/v2\/users\/1"}],"replies":[{"embeddable":true,"href":"https:\/\/www.ecolovieprojet.fr\/conseils\/wp-json\/wp\/v2\/comments?post=33"}],"version-history":[{"count":5,"href":"https:\/\/www.ecolovieprojet.fr\/conseils\/wp-json\/wp\/v2\/pages\/33\/revisions"}],"predecessor-version":[{"id":279,"href":"https:\/\/www.ecolovieprojet.fr\/conseils\/wp-json\/wp\/v2\/pages\/33\/revisions\/279"}],"wp:attachment":[{"href":"https:\/\/www.ecolovieprojet.fr\/conseils\/wp-json\/wp\/v2\/media?parent=33"}],"curies":[{"name":"wp","href":"https:\/\/api.w.org\/{rel}","templated":true}]}}