{"id":21,"date":"2021-03-21T23:09:59","date_gmt":"2021-03-21T22:09:59","guid":{"rendered":"https:\/\/www.ecolovieprojet.fr\/conseils\/?page_id=21"},"modified":"2021-03-21T23:10:00","modified_gmt":"2021-03-21T22:10:00","slug":"quel-robot-tondeuse-pour-600m2","status":"publish","type":"page","link":"https:\/\/www.ecolovieprojet.fr\/conseils\/quel-robot-tondeuse-pour-600m2\/","title":{"rendered":"Quel robot tondeuse pour 600m2 ?"},"content":{"rendered":"\n<p><\/p>\n\n\n<section  class='av_textblock_section av-kmjpq7x1-6cc11cab294aba57dac4d2dc2ec7d9fe'  itemscope=\"itemscope\" itemtype=\"https:\/\/schema.org\/CreativeWork\" ><div class='avia_textblock'  itemprop=\"text\" ><p>Lorsqu\u2019on poss\u00e8de un jardin, cela ajoute une plus-value \u00e0 notre domicile, mais cela offre surtout un confort en plus. En effet, avoir un terrain de verdure nous aide \u00e0 nous sentir mieux chez nous et offre la possibilit\u00e9 de se retrouver en plein air avec des amis autour d\u2019un ap\u00e9ro ou d\u2019un barbecue. Oui mais en dehors de cela, il est important de bien l\u2019entretenir, notamment en tondant r\u00e9guli\u00e8rement le jardin. Si vous poss\u00e9dez un jardin de 600m2, quel robot tondeuse vous faut-il choisir ?<\/p>\n<h2>Quel robot tondeuse pour 600m2<\/h2>\n<p>De nos jours, beaucoup de personnes utilisent un robot tondeuse afin d\u2019entretenir leur terrain. Cela permet en effet de gagner du temps puisque le robot est programm\u00e9 afin de faire le parcours d\u00e9fini \u00e0 l\u2019avance concernant la tonte de l\u2019herbe. SI vous poss\u00e9dez un terrain de 600m2, il est pr\u00e9f\u00e9rable d\u2019utiliser un robot tondeuse adapt\u00e9 \u00e0 cette surface.<\/p>\n<p>Lorsque vous d\u00e9sirez acheter un robot tondeuse, il est donc tr\u00e8s important de regarder les caract\u00e9ristiques des robots tondeuses afin de trouver le mod\u00e8le qui correspond parfaitement \u00e0 vos besoins. En effet, concernant les robots tondeuses, vous trouverez les caract\u00e9ristiques suivantes: capacit\u00e9 de surface de tonte, temps de charge moyen ainsi que le niveau sonore garanti.<\/p>\n<p>Husqvarna est une marque de robot tondeuse tr\u00e8s r\u00e9put\u00e9, qui propose des produits de tr\u00e8s bonne qualit\u00e9 et qui dure dans le temps. Si vous avez une surface de terrain de 600m2, vous pouvez vous diriger vers le <a href=\"https:\/\/www.ecolovieprojet.fr\/robots-tondeuse-husqvarna\/\">robot tondeuse Husqvarna<\/a> Automower 105 qui a une surface de tonte d\u2019environ 600m2, un temps de charge moyen de 50 min ainsi qu\u2019un niveau sonore de 61 decibel. N\u2019h\u00e9sitez pas \u00e0 vous renseigner afin de trouver le mod\u00e8le qui vous conviendra le mieux.<\/p>\n<h2>Comment utiliser un robot tondeuse ?<\/h2>\n<p>Lorsque vous achetez un robot tondeuse, la premi\u00e8re \u00e9tape \u00e0 faire, c\u2019est d\u2019installer les fils de guidage qui permettent au robot tondeuse de bien conna\u00eetre le parcours \u00e0 effectuer ainsi que les limites \u00e0 ne pas d\u00e9passer, ou bien \u00e0 ne pas franchir les obstacles. En plus de l\u2019installation des fils de guidage, il est bien d\u2019installer un abri pour votre robot tondeuse afin que celui-ci ne s&rsquo;ab\u00eeme pas avec le temps \u00e0 cause des intemp\u00e9ries ou des rayons du soleil.<\/p>\n<p>Pour ces installations, n&rsquo;h\u00e9sitez pas \u00e0 contacter notre soci\u00e9t\u00e9 Ecolovie Projet, nous nous ferons un plaisir de vous offrir l\u2019aide n\u00e9cessaire \u00e0 la r\u00e9alisation de votre projet.<\/p>\n<\/div><\/section>\n","protected":false},"excerpt":{"rendered":"","protected":false},"author":1,"featured_media":0,"parent":0,"menu_order":0,"comment_status":"closed","ping_status":"closed","template":"","meta":{"footnotes":""},"class_list":["post-21","page","type-page","status-publish","hentry"],"_links":{"self":[{"href":"https:\/\/www.ecolovieprojet.fr\/conseils\/wp-json\/wp\/v2\/pages\/21","targetHints":{"allow":["GET"]}}],"collection":[{"href":"https:\/\/www.ecolovieprojet.fr\/conseils\/wp-json\/wp\/v2\/pages"}],"about":[{"href":"https:\/\/www.ecolovieprojet.fr\/conseils\/wp-json\/wp\/v2\/types\/page"}],"author":[{"embeddable":true,"href":"https:\/\/www.ecolovieprojet.fr\/conseils\/wp-json\/wp\/v2\/users\/1"}],"replies":[{"embeddable":true,"href":"https:\/\/www.ecolovieprojet.fr\/conseils\/wp-json\/wp\/v2\/comments?post=21"}],"version-history":[{"count":2,"href":"https:\/\/www.ecolovieprojet.fr\/conseils\/wp-json\/wp\/v2\/pages\/21\/revisions"}],"predecessor-version":[{"id":286,"href":"https:\/\/www.ecolovieprojet.fr\/conseils\/wp-json\/wp\/v2\/pages\/21\/revisions\/286"}],"wp:attachment":[{"href":"https:\/\/www.ecolovieprojet.fr\/conseils\/wp-json\/wp\/v2\/media?parent=21"}],"curies":[{"name":"wp","href":"https:\/\/api.w.org\/{rel}","templated":true}]}}